{"id":262,"date":"2016-11-06T05:24:56","date_gmt":"2016-11-06T05:24:56","guid":{"rendered":"https:\/\/ninetheme.com\/themes\/landium\/?page_id=2"},"modified":"2024-04-15T09:02:59","modified_gmt":"2024-04-15T09:02:59","slug":"about","status":"publish","type":"page","link":"https:\/\/sindekar.co\/","title":{"rendered":"Home 1"},"content":{"rendered":"<div class=\"wpb-content-wrapper\"><p>[vc_row][vc_column]<a id=\"home\" class=\"ancor\"><\/a><div id=\"start-screen\" class=\"start-screen start-screen--static-bg start-screen--static-bg--style-1\"><div class=\"start-screen__static-bg parallax particle-ground\" data-stellar-background-ratio=\"0.5\" data-stellar-vertical-offset=\"300\" data-stellar-offset-parent=\"true\" style=\"background-image: url(https:\/\/sindekar.co\/wp-content\/uploads\/2024\/04\/BG_1920x1080-1024x576-1.jpg)\"><div class=\"pattern\" style=\"background-color:rgba(2,0,0,0.1)\"><\/div><\/div><div class=\"start-screen__content-container\"><div class=\"start-screen__content\"><div class=\"v-align\"><div class=\"v-bottom\"><div class=\"container\"><div class=\"row\"><div class=\"col-xs-12 col-sm-7\"><h1 class=\"title\" style=\" font-size:55px!important; padding-top:50px;\">Centro de fabricaci\u00f3n de estructuras prot\u00e9sicas<\/h1><p class=\"hero-desc\" style=\" font-size:30px!important; color:#71c4e8!important; font-style:oblique!important; background-color:rgba(0,32,81,0.51)!important; padding-top:-100px;\">Escaneo + dise\u00f1o de pr\u00f3tesis<br \/>\nSinterizado en CrCo<br \/>\nFresado de Zirconio<\/p><p class=\"hero-btn\"><a href=\"https:\/\/pedidos.sindekar.co\/\"  target=\"_blank\"class=\"start-screen__btn\" style=\" font-size:20px!important; font-weight:500!important; background-color:rgba(49,133,216,0.78)!important; border-style:solid!important;border:0px; border-top:3px; border-right:3px; border-bottom:3px; border-left:3px; border-color:#40b3ed!important; border-radius:15px!important;\">Web de pedidos<\/a><\/p><\/div><div class=\"col-xs-12 col-sm-5 col-md-4 col-md-offset-1\"><div class=\"hero-form\"><div class=\"text\"><h4 class=\"heading wow shake\" style=\" font-size:35px!important; font-weight:900!important; color:#38ddff!important; text-align:center!important;\">LL\u00e1menos al (+57) 15 08 86 72<\/h4><p class=\"form-desc\" style=\" font-size:20px!important; text-align:center!important;\">Horario: 09:00 a 17:00<\/p><\/div>\n<div class=\"wpcf7 no-js\" id=\"wpcf7-f291-o1\" lang=\"en\" dir=\"ltr\">\n<div class=\"screen-reader-response\"><p role=\"status\" aria-live=\"polite\" aria-atomic=\"true\"><\/p> <ul><\/ul><\/div>\n<form action=\"\/index.php?rest_route=%2Fwp%2Fv2%2Fpages%2F262#wpcf7-f291-o1\" method=\"post\" class=\"wpcf7-form init\" aria-label=\"Contact form\" novalidate=\"novalidate\" data-status=\"init\">\n<div style=\"display: none;\">\n<input type=\"hidden\" name=\"_wpcf7\" value=\"291\" \/>\n<input type=\"hidden\" name=\"_wpcf7_version\" value=\"5.9.3\" \/>\n<input type=\"hidden\" name=\"_wpcf7_locale\" value=\"en\" \/>\n<input type=\"hidden\" name=\"_wpcf7_unit_tag\" value=\"wpcf7-f291-o1\" \/>\n<input type=\"hidden\" name=\"_wpcf7_container_post\" value=\"0\" \/>\n<input type=\"hidden\" name=\"_wpcf7_posted_data_hash\" value=\"\" \/>\n<\/div>\n<p><label class=\"input-wrp\"><span class=\"wpcf7-form-control-wrap\" data-name=\"text-206\"><input size=\"40\" class=\"wpcf7-form-control wpcf7-text wpcf7-validates-as-required\" aria-required=\"true\" aria-invalid=\"false\" placeholder=\"Si nombre\" value=\"\" type=\"text\" name=\"text-206\" \/><\/span><i class=\"fontello-user\"><\/i><\/label><br \/>\n<label class=\"input-wrp\"><span class=\"wpcf7-form-control-wrap\" data-name=\"text-207\"><input size=\"40\" class=\"wpcf7-form-control wpcf7-text wpcf7-validates-as-required\" aria-required=\"true\" aria-invalid=\"false\" placeholder=\"E-mail\" value=\"\" type=\"text\" name=\"text-207\" \/><\/span><i class=\"fontello-mail\"><\/i><\/label><br \/>\n<label class=\"input-wrp\"><span class=\"wpcf7-form-control-wrap\" data-name=\"text-208\"><input size=\"40\" class=\"wpcf7-form-control wpcf7-text\" aria-invalid=\"false\" placeholder=\"Tel\u00e9fono\" value=\"\" type=\"text\" name=\"text-208\" \/><\/span><i class=\"fontello-mobile\"><\/i><\/label>\n<\/p>\n<div class=\"btn-wrp\">\n\t<p><input class=\"wpcf7-form-control wpcf7-submit has-spinner submit-btn\" type=\"submit\" value=\"Enviar datos\" \/>\n\t<\/p>\n<\/div><div class=\"wpcf7-response-output\" aria-hidden=\"true\"><\/div>\n<\/form>\n<\/div>\n<p>&nbsp;<\/div><\/div><\/div><\/div><\/div><\/div><\/div><\/div><\/div>[\/vc_column][\/vc_row][vc_row parallax=&#8221;content-moving-fade&#8221; parallax_speed_bg=&#8221;2&#8243; overlaybg=&#8221;rgba(208,227,239,0.68)&#8221;][vc_column]<!-- start section --><a id=\"quienessomos\" class=\"ancor\"><\/a><section class=\"section section-about section-about--style-1 section--background-base\"><div class=\"container-fluid\"><div class=\"section-heading section-heading--center section-heading--white  hidden-md hidden-lg\"><h2 class=\"title h1\" style=\" padding-left:10px;\">\u00bfQui\u00e9nes somos?<\/h2><p class=\"sec-desc\"><strong style=\" font-size:25px!important; line-height:5px!important; font-weight:600!important; color:#2a2f42!important; padding-left:20px;\">La ingenier\u00eda al servicio de la odontolog\u00eda<\/strong><\/p><\/div><div class=\"row\"><div class=\"col-xs-12 col-md-6\"><div class=\"img-place wow fadeInRight\"><img decoding=\"async\" class=\"center-block\" src=\"https:\/\/sindekar.co\/wp-content\/uploads\/2024\/04\/colage012.jpg\" alt=\"demo\" \/><\/div><\/div><\/div><\/div><div class=\"container\"><div class=\"row\"><div class=\"col-xs-12 col-md-6 col-md-offset-6\"><div class=\"col-md-MB-30\"><div class=\"section-heading section-heading--left section-heading--white  visible-md visible-lg\"><h2 class=\"title h1\" style=\" padding-left:10px;\">\u00bfQui\u00e9nes somos?<\/h2><p class=\"sec-desc\"><strong style=\" font-size:25px!important; line-height:5px!important; font-weight:600!important; color:#2a2f42!important; padding-left:20px;\">La ingenier\u00eda al servicio de la odontolog\u00eda<\/strong><\/p><\/div><\/div><p class=\"\" style=\" font-size:18!important; font-weight:600!important; color:#2a2f42!important; padding-left:20px;\">Sindekar es una multinacional europea con presencia en Colombia, Chile y Panam\u00e1. Nuestra filosof\u00eda es aportar soluciones de ingenier\u00eda al que consideramos nuestro socio estrat\u00e9gico: El cliente.<\/p><\/div><\/div><\/div><\/section><!-- end section -->[\/vc_column][\/vc_row][vc_row parallax=&#8221;content-moving-fade&#8221; parallax_image=&#8221;310&#8243; parallax_speed_bg=&#8221;2&#8243;][vc_column]<!-- start section --><a id=\"comofunciona\" class=\"ancor\"><\/a><section class=\"section section--background-base-light vc_custom_1713125081389\"><div class=\"container\"><div class=\"section-heading section-heading--center\"><h2 class=\"title h1\" style=\" font-weight:700!important; color:rgba(14,28,48,0.81)!important;\">\u00bfC\u00f3mo funcionamos?<\/h2><p class=\"sec-desc\"><\/p><\/div><div class=\"list-with-icon list-with-icon--style-4\"><div class=\"list__inner\"><div class=\"row\"><!-- start item --><div class=\"col-xs-12 col-sm-6 col-md-4\"><div class=\"list__item text-center\"><img decoding=\"async\" class=\"list__item__ico img-responsive\" src=\"https:\/\/sindekar.co\/wp-content\/uploads\/2024\/04\/Upload-icon.png\" alt=\"img-icon\" \/><h3 class=\"list__item__title\">1. Env\u00edenos sus modelos<\/h3><p class=\"list-desc\">Puede subir sus <b>archivos digitales STL<\/b> a nuestra plataforma o enviarnos los <b>modelos en escayola<\/b>.<\/p><\/div><\/div><!-- end item --><!-- start item --><div class=\"col-xs-12 col-sm-6 col-md-4\"><div class=\"list__item text-center\"><img decoding=\"async\" class=\"list__item__ico img-responsive\" src=\"https:\/\/sindekar.co\/wp-content\/uploads\/2024\/04\/Ok-Icon.png\" alt=\"img-icon\" \/><h3 class=\"list__item__title\">2. Confirmamos su pedido<\/h3><p class=\"list-desc\"><b>A las 17:00<\/b> cada d\u00eda se cerrar\u00e1 y se le confirmar\u00e1 por email su pedido con todos los modelos subidos o enviados.<\/p><\/div><\/div><!-- end item --><!-- start item --><div class=\"col-xs-12 col-sm-6 col-md-4\"><div class=\"list__item text-center\"><img decoding=\"async\" class=\"list__item__ico img-responsive\" src=\"https:\/\/sindekar.co\/wp-content\/uploads\/2024\/04\/Delivery-icon.png\" alt=\"img-icon\" \/><h3 class=\"list__item__title\">3. Entrega de pedido<\/h3><p class=\"list-desc\"><b>En menos de 40h<\/b> le entregamos el pedido en sus instalaciones o, si lo prefiere, podr\u00e1 recogerlo en las nuestras.<\/p><\/div><\/div><!-- end item --><!-- start item --><div class=\"col-xs-12 col-sm-6 col-md-4\"><div class=\"list__item text-center\"><img decoding=\"async\" class=\"list__item__ico img-responsive\" src=\"https:\/\/sindekar.co\/wp-content\/uploads\/2024\/04\/Factura-icon.png\" alt=\"img-icon\" \/><h3 class=\"list__item__title\">4. Reciba su factura<\/h3><p class=\"list-desc\">Cada fin de mes o antes si as\u00ed lo requiere, dispondr\u00e1 de su factura.<\/p><\/div><\/div><!-- end item --><!-- start item --><div class=\"col-xs-12 col-sm-6 col-md-4\"><div class=\"list__item text-center\"><img decoding=\"async\" class=\"list__item__ico img-responsive\" src=\"https:\/\/sindekar.co\/wp-content\/uploads\/2024\/04\/Payment-icon.png\" alt=\"img-icon\" \/><h3 class=\"list__item__title\">5. Pago al contado<\/h3><p class=\"list-desc\">Pague mediante <b>transferencia o tarjeta<\/b> tan pronto reciba la factura.<\/p><\/div><\/div><!-- end item --><!-- start item --><div class=\"col-xs-12 col-sm-6 col-md-4\"><div class=\"list__item text-center\"><img decoding=\"async\" class=\"list__item__ico img-responsive\" src=\"https:\/\/sindekar.co\/wp-content\/uploads\/2024\/04\/buzon-icon.png\" alt=\"img-icon\" \/><h3 class=\"list__item__title\">6. Contacto permanente<\/h3><p class=\"list-desc\">A trav\u00e9s del buz\u00f3n de notificaciones de nuestra plataforma o por v\u00eda telef\u00f3nica.<\/p><\/div><\/div><!-- end item --><\/div><\/div><\/div><\/div><\/section><!-- end section -->[\/vc_column][\/vc_row][vc_row][vc_column]<!-- start section --><a id=\"plataforma\" class=\"ancor\"><\/a><section class=\"section vc_custom_1713126006915\"><div class=\"container\"><div class=\"section-heading section-heading--center\"><h2 class=\"title h1\">Nuestra plataforma<\/h2><p class=\"sec-desc\"><\/p><\/div><div class=\"row\"><div class=\"col-xs-12 col-md-6 col-md-push-3\"><div class=\"col-md-MB-30\"><img decoding=\"async\" class=\"img-responsive center-block\" src=\"https:\/\/sindekar.co\/wp-content\/uploads\/2024\/04\/WEB_Sindekar3.gif\" alt=\"demo\" \/><\/div><\/div><div class=\"col-xs-12 col-md-6\"><div class=\"list-with-icon list-with-icon--style-1\"><div class=\"list__inner\"><div class=\"row\"><!-- start item --><div class=\"col-xs-12 col-sm-6 col-md-pull-12\"><div class=\"list__item\"><img decoding=\"async\" class=\"list__item__ico img-responsive\" src=\"https:\/\/sindekar.co\/wp-content\/uploads\/2024\/04\/ico_5-1.png\" alt=\"img-icon\" \/><h3 class=\"list__item__title\">F\u00e1cil<\/h3><p class=\"list-desc\">Navegabilidad r\u00e1pida, sencilla e intuitiva. Tr\u00e1mites m\u00ednimos.<\/p><\/div><\/div><!-- end item --><!-- start item --><div class=\"col-xs-12 col-sm-6\"><div class=\"list__item\"><img decoding=\"async\" class=\"list__item__ico img-responsive\" src=\"https:\/\/sindekar.co\/wp-content\/uploads\/2024\/04\/ico_4.png\" alt=\"img-icon\" \/><h3 class=\"list__item__title\">Personal<\/h3><p class=\"list-desc\">Buz\u00f3n de notificaciones disponible con tiempos m\u00ednimos de respuesta.<\/p><\/div><\/div><!-- end item --><\/div><div class=\"row\"><!-- start item --><div class=\"col-xs-12 col-sm-6 col-md-pull-12\"><div class=\"list__item\"><img decoding=\"async\" class=\"list__item__ico img-responsive\" src=\"https:\/\/sindekar.co\/wp-content\/uploads\/2024\/04\/ico_2.png\" alt=\"img-icon\" \/><h3 class=\"list__item__title\">De Calidad<\/h3><p class=\"list-desc\">Trazabilidad total en tiempo real tanto a nivel STL como a nivel de pedido.<\/p><\/div><\/div><!-- end item --><!-- start item --><div class=\"col-xs-12 col-sm-6\"><div class=\"list__item\"><img decoding=\"async\" class=\"list__item__ico img-responsive\" src=\"https:\/\/sindekar.co\/wp-content\/uploads\/2024\/04\/ico_1.png\" alt=\"img-icon\" \/><h3 class=\"list__item__title\">Segura<\/h3><p class=\"list-desc\">Informaci\u00f3n encriptada de punto a punto mediante certificados SSL.<\/p><\/div><\/div><!-- end item --><\/div><\/div><\/div><\/div><\/div><\/div><\/section><!-- end section -->[\/vc_column][\/vc_row][vc_row][vc_column][\/vc_column][\/vc_row][vc_row][vc_column][\/vc_column][\/vc_row][vc_row][vc_column][\/vc_column][\/vc_row][vc_row][vc_column][\/vc_column][\/vc_row]<\/p>\n<\/div>","protected":false},"excerpt":{"rendered":"<p>[vc_row][vc_column][\/vc_column][\/vc_row][vc_row parallax=&#8221;content-moving-fade&#8221; parallax_speed_bg=&#8221;2&#8243; overlaybg=&#8221;rgba(208,227,239,0.68)&#8221;][vc_column][\/vc_column][\/vc_row][vc_row parallax=&#8221;content-moving-fade&#8221; parallax_image=&#8221;310&#8243; parallax_speed_bg=&#8221;2&#8243;][vc_column][\/vc_column][\/vc_row][vc_row][vc_column][\/vc_column][\/vc_row][vc_row][vc_column][\/vc_column][\/vc_row][vc_row][vc_column][\/vc_column][\/vc_row][vc_row][vc_column][\/vc_column][\/vc_row][vc_row][vc_column][\/vc_column][\/vc_row]<\/p>\n","protected":false},"author":1,"featured_media":0,"parent":0,"menu_order":0,"comment_status":"open","ping_status":"open","template":"one-page-template.php","meta":{"footnotes":""},"class_list":["post-262","page","type-page","status-publish","hentry",""],"_links":{"self":[{"href":"https:\/\/sindekar.co\/index.php?rest_route=\/wp\/v2\/pages\/262","targetHints":{"allow":["GET"]}}],"collection":[{"href":"https:\/\/sindekar.co\/index.php?rest_route=\/wp\/v2\/pages"}],"about":[{"href":"https:\/\/sindekar.co\/index.php?rest_route=\/wp\/v2\/types\/page"}],"author":[{"embeddable":true,"href":"https:\/\/sindekar.co\/index.php?rest_route=\/wp\/v2\/users\/1"}],"replies":[{"embeddable":true,"href":"https:\/\/sindekar.co\/index.php?rest_route=%2Fwp%2Fv2%2Fcomments&post=262"}],"version-history":[{"count":11,"href":"https:\/\/sindekar.co\/index.php?rest_route=\/wp\/v2\/pages\/262\/revisions"}],"predecessor-version":[{"id":344,"href":"https:\/\/sindekar.co\/index.php?rest_route=\/wp\/v2\/pages\/262\/revisions\/344"}],"wp:attachment":[{"href":"https:\/\/sindekar.co\/index.php?rest_route=%2Fwp%2Fv2%2Fmedia&parent=262"}],"curies":[{"name":"wp","href":"https:\/\/api.w.org\/{rel}","templated":true}]}}